{"id":1036,"date":"2022-12-28T10:26:29","date_gmt":"2022-12-28T08:26:29","guid":{"rendered":"https:\/\/www.galvanizadoslacunza.com\/politica-de-cookies\/"},"modified":"2022-12-28T11:11:55","modified_gmt":"2022-12-28T09:11:55","slug":"politica-de-cookies","status":"publish","type":"page","link":"https:\/\/www.galvanizadoslacunza.com\/eu\/politica-de-cookies\/","title":{"rendered":"Pol\u00edtica de cookies"},"content":{"rendered":"<p>[et_pb_section fb_built=&#8221;1&#8243; admin_label=&#8221;section&#8221; _builder_version=&#8221;4.18.0&#8243; custom_padding=&#8221;3%||3%||false|false&#8221; global_colors_info=&#8221;{}&#8221;][et_pb_row admin_label=&#8221;row&#8221; _builder_version=&#8221;4.16&#8243; background_size=&#8221;initial&#8221; background_position=&#8221;top_left&#8221; background_repeat=&#8221;repeat&#8221; global_colors_info=&#8221;{}&#8221;][et_pb_column type=&#8221;4_4&#8243; _builder_version=&#8221;4.16&#8243; custom_padding=&#8221;|||&#8221; global_colors_info=&#8221;{}&#8221; custom_padding__hover=&#8221;|||&#8221;][et_pb_post_title _builder_version=&#8221;4.18.0&#8243; _module_preset=&#8221;default&#8221; hover_enabled=&#8221;0&#8243; global_colors_info=&#8221;{}&#8221; meta=&#8221;off&#8221; featured_image=&#8221;off&#8221; sticky_enabled=&#8221;0&#8243;][\/et_pb_post_title][et_pb_text admin_label=&#8221;Text&#8221; _builder_version=&#8221;4.16&#8243; background_size=&#8221;initial&#8221; background_position=&#8221;top_left&#8221; background_repeat=&#8221;repeat&#8221; global_colors_info=&#8221;{}&#8221;]<\/p>\n<div class=\"row cuerpo-contenido\">\n<div class=\"col-md-12\">\n<p>En nuestra web utilizamos cookies cuando visitas las p\u00e1ginas. Sirven, entre otras cosas, para reconocer tu navegador, el idioma elegido u otros elementos configurables, y permiten navegar con normalidad por la web.<\/p>\n<p>Utilizamos cookies propias y de terceros. Algunos servicios prestados en nuestra web tambi\u00e9n pueden utilizar cookies de empresas colaboradoras.<\/p>\n<p>Al navegar por su contenido est\u00e1s aceptando la utilizaci\u00f3n de cookies en las condiciones que establecemos en la presente Pol\u00edtica de Cookies. En ning\u00fan caso utilizamos cookies propias para mostrarte publicidad seg\u00fan tus h\u00e1bitos de navegaci\u00f3n.<\/p>\n<p>Esta pol\u00edtica de cookies puede ser modificada, por lo que recomendamos revisarla de forma regular, con el objeto de estar adecuadamente informado.<\/p>\n<p>No obstante puedes cambiar las preferencias sobre cookies en la configuraci\u00f3n del navegador para que te avise de la recepci\u00f3n de cookies e impedir, en su caso, la instalaci\u00f3n en tu disco duro.<\/p>\n<h2>\u00bfQu\u00e9 son las cookies?<\/h2>\n<p>Las cookies son peque\u00f1os archivos de texto que se guardan en tu dispositivo (ordenador, m\u00f3vil,..) al acceder a determinadas p\u00e1ginas web y que permiten al titular de dicha p\u00e1gina almacenar o recuperar determinada informaci\u00f3n (n\u00famero de veces que se visita la p\u00e1gina, identificar a un usuario registrado, garantizar la sesi\u00f3n del usuario, etc.) Las cookies est\u00e1n asociadas \u00fanicamente al navegador (Firefox, Chrome, Internet Explorer, Opera,) con el que se visitan las p\u00e1ginas web, por lo que si utilizas varios navegadores, cada uno tendr\u00e1 sus propias cookies asociadas.<\/p>\n<p>Las cookies pueden ser &#8220;de sesi\u00f3n&#8221; (se borran al cerrar la p\u00e1gina web) o &#8220;permanentes&#8221; (permanecen en tu equipo hasta una fecha determinada).<\/p>\n<h2>\u00bfPara qu\u00e9 se usan?<\/h2>\n<p>Se utilizan para facilitar y hacer m\u00e1s c\u00f3moda tu navegaci\u00f3n a trav\u00e9s de la web, ya que personaliza ciertos contenidos bas\u00e1ndose en las elecciones que realizas. Por ejemplo, para mostrarte la web en tu idioma preferente cada vez que nos visitas.<\/p>\n<p>Algunas cookies son estrictamente necesarias para utilizar determinadas funciones, tales como el acceso a \u00e1reas seguras de la web o permitir contenidos adecuados en funci\u00f3n de tu dispositivo.<\/p>\n<p>En nuestras webs tambi\u00e9n utilizamos cookies de an\u00e1lisis. Estas cookies sirven para conocer el n\u00famero de visitas y los h\u00e1bitos de navegaci\u00f3n, por lo que son muy \u00fatiles para analizar el tr\u00e1fico y mejorar el servicio. Esta informaci\u00f3n es an\u00f3nima y no contiene ning\u00fan tipo de identificaci\u00f3n personal.<\/p>\n<h2>\u00bfQu\u00e9 cookies utilizamos?<\/h2>\n<p>A continuaci\u00f3n te explicamos qu\u00e9 tipo de cookies utilizamos y por qu\u00e9 lo hacemos.<\/p>\n<p><strong>Cookies propias<\/strong><\/p>\n<table class=\"cookies\">\n<tbody>\n<tr>\n<th>Tipo de cookie<\/th>\n<th>Para qu\u00e9 se utiliza<\/th>\n<\/tr>\n<tr>\n<td>De sesi\u00f3n<\/td>\n<td>Las cookies de sesi\u00f3n se utilizan para identificar tu visita a la web. Todas ellas se borran al cerrar tu navegador.<\/td>\n<\/tr>\n<tr>\n<td>T\u00e9cnicas y funcionales<\/td>\n<td>Estas cookies permanecen m\u00e1s tiempo en su dispositivo para adaptar los contenidos a tus preferencias. Otras cookies utilizadas son necesarias para el correcto funcionamiento de diferentes servicios que ofrecemos en la p\u00e1gina web.<\/td>\n<\/tr>\n<\/tbody>\n<\/table>\n<p><strong>Cookies de terceros o empresas colaboradoras<\/strong><\/p>\n<table class=\"cookies\">\n<tbody>\n<tr>\n<th>Tipo de cookie<\/th>\n<th>Para qu\u00e9 se utiliza<\/th>\n<\/tr>\n<tr>\n<td>Google Analytics<\/td>\n<td>Recogen informaci\u00f3n sobre n\u00famero de visitas, p\u00e1ginas o secciones visitadas, tiempo de navegaci\u00f3n, t\u00e9rminos de b\u00fasqueda utilizados, detalles sobre los navegadores usados&#8230; Sirven para analizar los h\u00e1bitos de navegaci\u00f3n de los usuarios en la p\u00e1gina web y mejorar su funcionamiento.<br \/>Recogen informaci\u00f3n sobre n\u00famero de visitas, p\u00e1ginas o secciones visitadas, tiempo de navegaci\u00f3n, t\u00e9rminos de b\u00fasqueda utilizados, detalles sobre los navegadores usados&#8230; Sirven para analizar los h\u00e1bitos de navegaci\u00f3n de los usuarios en la p\u00e1gina web y mejorar su funcionamiento.<br \/>La informaci\u00f3n recogida por estas cookies es global y an\u00f3nima.<br \/>Puedes encontrar m\u00e1s informaci\u00f3n sobre estas cookies <a href=\"https:\/\/developers.google.com\/analytics\/resources\/concepts\/gaConceptsCookies\">aqu\u00ed<\/a>.<br \/>Tambi\u00e9n puedes evitar el uso de Google Analytics descargando e instalando este complemento: <a href=\"https:\/\/tools.google.com\/dlpage\/gaoptout?hl=es-ES\">https:\/\/tools.google.com\/dlpage\/gaoptout?hl=es-ES<\/a>.<\/td>\n<\/tr>\n<\/tbody>\n<\/table>\n<h2>Bloqueo o eliminaci\u00f3n de cookies<\/h2>\n<p>Si deseas conocer, bloquear o eliminar las cookies instaladas en tu equipo puedes hacerlo mediante la configuraci\u00f3n del navegador instalado en su ordenador.<\/p>\n<p>Para restringir o bloquear las cookies, usted deber\u00e1 modificar la configuraci\u00f3n del navegador que utilice en su terminal, ya sea ordenador, smartphone o tablet. Con car\u00e1cter general los navegadores ofrecen las siguientes opciones de configuraci\u00f3n en relaci\u00f3n a la instalaci\u00f3n de cookies:<\/p>\n<ul>\n<li>Que el navegador rechace todas las cookies y por lo tanto, que no se instale ninguna cookie de ninguna p\u00e1gina web en su terminal.<\/li>\n<li>Que el navegador le avise antes de que se produzca la instalaci\u00f3n de la cookie para que usted decida si acepta o no la instalaci\u00f3n de la misma.<\/li>\n<li>Que el navegador \u00fanicamente rechace las cookies de terceros de los sitios web que visita pero no las utilizadas por el sitio web por el que usted navega.<\/li>\n<li>La opci\u00f3n de navegaci\u00f3n en modo privado mediante la cual, las cookies se instalan en el terminal pero se elimina de manera autom\u00e1tica cuando finaliza la navegaci\u00f3n por la p\u00e1gina web<\/li>\n<\/ul>\n<p>Puedes consultar los pasos de c\u00f3mo hacerlo en los siguientes navegadores:<\/p>\n<ul>\n<li><a href=\"http:\/\/support.google.com\/chrome\/bin\/answer.py?hl=es&amp;answer=95647\">Google Chrome<\/a><\/li>\n<li><a href=\"http:\/\/support.mozilla.org\/es\/kb\/cookies-informacion-que-los-sitios-web-guardan-en-?redirectlocale=en-US&amp;redirectslug=Cookies\">Mozilla Firefox<\/a><\/li>\n<li><a href=\"http:\/\/support.microsoft.com\/kb\/196955\/es\">Internet Explorer<\/a><\/li>\n<li><a href=\"http:\/\/www.lavanguardia.com\/cookiesSafari.html\">Safari<\/a><\/li>\n<li><a href=\"http:\/\/support.apple.com\/kb\/HT1677?viewlocale=es_ES\">Safari para IOS (iPhone, iPad)<\/a><\/li>\n<li><a href=\"http:\/\/www.macromedia.com\/support\/documentation\/es\/flashplayer\/help\/settings_manager07.html\">Cookies Flash<\/a><\/li>\n<\/ul>\n<p>En el caso de bloquear o eliminar las cookies no podremos mantener tus preferencias y es posible que algunas caracter\u00edsticas de la p\u00e1gina web no est\u00e9n operativas.<\/p>\n<\/div>\n<\/div>\n<p>[\/et_pb_text][\/et_pb_column][\/et_pb_row][\/et_pb_section]<\/p>\n","protected":false},"excerpt":{"rendered":"<p>En nuestra web utilizamos cookies cuando visitas las p\u00e1ginas. Sirven, entre otras cosas, para reconocer tu navegador, el idioma elegido u otros elementos configurables, y permiten navegar con normalidad por la web.Utilizamos cookies propias y de terceros. Algunos servicios prestados en nuestra web tambi\u00e9n pueden utilizar cookies de empresas colaboradoras.Al navegar por su contenido est\u00e1s [&hellip;]<\/p>\n","protected":false},"author":1,"featured_media":0,"parent":0,"menu_order":0,"comment_status":"closed","ping_status":"closed","template":"","meta":{"_et_pb_use_builder":"on","_et_pb_old_content":"<div class=\"row cuerpo-contenido\"><div class=\"col-md-12\"><p>En nuestra web utilizamos cookies cuando visitas las p\u00e1ginas. Sirven, entre otras cosas, para reconocer tu navegador, el idioma elegido u otros elementos configurables, y permiten navegar con normalidad por la web.<\/p><p>Utilizamos cookies propias y de terceros. Algunos servicios prestados en nuestra web tambi\u00e9n pueden utilizar cookies de empresas colaboradoras.<\/p><p>Al navegar por su contenido est\u00e1s aceptando la utilizaci\u00f3n de cookies en las condiciones que establecemos en la presente Pol\u00edtica de Cookies. En ning\u00fan caso utilizamos cookies propias para mostrarte publicidad seg\u00fan tus h\u00e1bitos de navegaci\u00f3n.<\/p><p>Esta pol\u00edtica de cookies puede ser modificada, por lo que recomendamos revisarla de forma regular, con el objeto de estar adecuadamente informado.<\/p><p>No obstante puedes cambiar las preferencias sobre cookies en la configuraci\u00f3n del navegador para que te avise de la recepci\u00f3n de cookies e impedir, en su caso, la instalaci\u00f3n en tu disco duro.<\/p><h2>\u00bfQu\u00e9 son las cookies?<\/h2><p>Las cookies son peque\u00f1os archivos de texto que se guardan en tu dispositivo (ordenador, m\u00f3vil,..) al acceder a determinadas p\u00e1ginas web y que permiten al titular de dicha p\u00e1gina almacenar o recuperar determinada informaci\u00f3n (n\u00famero de veces que se visita la p\u00e1gina, identificar a un usuario registrado, garantizar la sesi\u00f3n del usuario, etc.) Las cookies est\u00e1n asociadas \u00fanicamente al navegador (Firefox, Chrome, Internet Explorer, Opera,) con el que se visitan las p\u00e1ginas web, por lo que si utilizas varios navegadores, cada uno tendr\u00e1 sus propias cookies asociadas.<\/p><p>Las cookies pueden ser \"de sesi\u00f3n\" (se borran al cerrar la p\u00e1gina web) o \"permanentes\" (permanecen en tu equipo hasta una fecha determinada).<\/p><h2>\u00bfPara qu\u00e9 se usan?<\/h2><p>Se utilizan para facilitar y hacer m\u00e1s c\u00f3moda tu navegaci\u00f3n a trav\u00e9s de la web, ya que personaliza ciertos contenidos bas\u00e1ndose en las elecciones que realizas. Por ejemplo, para mostrarte la web en tu idioma preferente cada vez que nos visitas.<\/p><p>Algunas cookies son estrictamente necesarias para utilizar determinadas funciones, tales como el acceso a \u00e1reas seguras de la web o permitir contenidos adecuados en funci\u00f3n de tu dispositivo.<\/p><p>En nuestras webs tambi\u00e9n utilizamos cookies de an\u00e1lisis. Estas cookies sirven para conocer el n\u00famero de visitas y los h\u00e1bitos de navegaci\u00f3n, por lo que son muy \u00fatiles para analizar el tr\u00e1fico y mejorar el servicio. Esta informaci\u00f3n es an\u00f3nima y no contiene ning\u00fan tipo de identificaci\u00f3n personal.<\/p><h2>\u00bfQu\u00e9 cookies utilizamos?<\/h2><p>A continuaci\u00f3n te explicamos qu\u00e9 tipo de cookies utilizamos y por qu\u00e9 lo hacemos.<\/p><p><strong>Cookies propias<\/strong><\/p><table class=\"cookies\"><tbody><tr><th>Tipo de cookie<\/th><th>Para qu\u00e9 se utiliza<\/th><\/tr><tr><td>De sesi\u00f3n<\/td><td>Las cookies de sesi\u00f3n se utilizan para identificar tu visita a la web. Todas ellas se borran al cerrar tu navegador.<\/td><\/tr><tr><td>T\u00e9cnicas y funcionales<\/td><td>Estas cookies permanecen m\u00e1s tiempo en su dispositivo para adaptar los contenidos a tus preferencias. Otras cookies utilizadas son necesarias para el correcto funcionamiento de diferentes servicios que ofrecemos en la p\u00e1gina web.<\/td><\/tr><\/tbody><\/table><p><strong>Cookies de terceros o empresas colaboradoras<\/strong><\/p><table class=\"cookies\"><tbody><tr><th>Tipo de cookie<\/th><th>Para qu\u00e9 se utiliza<\/th><\/tr><tr><td>Google Analytics<\/td><td>Recogen informaci\u00f3n sobre n\u00famero de visitas, p\u00e1ginas o secciones visitadas, tiempo de navegaci\u00f3n, t\u00e9rminos de b\u00fasqueda utilizados, detalles sobre los navegadores usados... Sirven para analizar los h\u00e1bitos de navegaci\u00f3n de los usuarios en la p\u00e1gina web y mejorar su funcionamiento.<br \/>Recogen informaci\u00f3n sobre n\u00famero de visitas, p\u00e1ginas o secciones visitadas, tiempo de navegaci\u00f3n, t\u00e9rminos de b\u00fasqueda utilizados, detalles sobre los navegadores usados... Sirven para analizar los h\u00e1bitos de navegaci\u00f3n de los usuarios en la p\u00e1gina web y mejorar su funcionamiento.<br \/>La informaci\u00f3n recogida por estas cookies es global y an\u00f3nima.<br \/>Puedes encontrar m\u00e1s informaci\u00f3n sobre estas cookies <a href=\"https:\/\/developers.google.com\/analytics\/resources\/concepts\/gaConceptsCookies\">aqu\u00ed<\/a>.<br \/>Tambi\u00e9n puedes evitar el uso de Google Analytics descargando e instalando este complemento: <a href=\"https:\/\/tools.google.com\/dlpage\/gaoptout?hl=es-ES\">https:\/\/tools.google.com\/dlpage\/gaoptout?hl=es-ES<\/a>.<\/td><\/tr><\/tbody><\/table><h2>Bloqueo o eliminaci\u00f3n de cookies<\/h2><p>Si deseas conocer, bloquear o eliminar las cookies instaladas en tu equipo puedes hacerlo mediante la configuraci\u00f3n del navegador instalado en su ordenador.<\/p><p>Para restringir o bloquear las cookies, usted deber\u00e1 modificar la configuraci\u00f3n del navegador que utilice en su terminal, ya sea ordenador, smartphone o tablet. Con car\u00e1cter general los navegadores ofrecen las siguientes opciones de configuraci\u00f3n en relaci\u00f3n a la instalaci\u00f3n de cookies:<\/p><ul><li>Que el navegador rechace todas las cookies y por lo tanto, que no se instale ninguna cookie de ninguna p\u00e1gina web en su terminal.<\/li><li>Que el navegador le avise antes de que se produzca la instalaci\u00f3n de la cookie para que usted decida si acepta o no la instalaci\u00f3n de la misma.<\/li><li>Que el navegador \u00fanicamente rechace las cookies de terceros de los sitios web que visita pero no las utilizadas por el sitio web por el que usted navega.<\/li><li>La opci\u00f3n de navegaci\u00f3n en modo privado mediante la cual, las cookies se instalan en el terminal pero se elimina de manera autom\u00e1tica cuando finaliza la navegaci\u00f3n por la p\u00e1gina web<\/li><\/ul><p>Puedes consultar los pasos de c\u00f3mo hacerlo en los siguientes navegadores:<\/p><ul><li><a href=\"http:\/\/support.google.com\/chrome\/bin\/answer.py?hl=es&answer=95647\">Google Chrome<\/a><\/li><li><a href=\"http:\/\/support.mozilla.org\/es\/kb\/cookies-informacion-que-los-sitios-web-guardan-en-?redirectlocale=en-US&redirectslug=Cookies\">Mozilla Firefox<\/a><\/li><li><a href=\"http:\/\/support.microsoft.com\/kb\/196955\/es\">Internet Explorer<\/a><\/li><li><a href=\"http:\/\/www.lavanguardia.com\/cookiesSafari.html\">Safari<\/a><\/li><li><a href=\"http:\/\/support.apple.com\/kb\/HT1677?viewlocale=es_ES\">Safari para IOS (iPhone, iPad)<\/a><\/li><li><a href=\"http:\/\/www.macromedia.com\/support\/documentation\/es\/flashplayer\/help\/settings_manager07.html\">Cookies Flash<\/a><\/li><\/ul><p>En el caso de bloquear o eliminar las cookies no podremos mantener tus preferencias y es posible que algunas caracter\u00edsticas de la p\u00e1gina web no est\u00e9n operativas.<\/p><\/div><\/div>","_et_gb_content_width":"","footnotes":""},"class_list":["post-1036","page","type-page","status-publish","hentry"],"aioseo_notices":[],"_links":{"self":[{"href":"https:\/\/www.galvanizadoslacunza.com\/eu\/wp-json\/wp\/v2\/pages\/1036","targetHints":{"allow":["GET"]}}],"collection":[{"href":"https:\/\/www.galvanizadoslacunza.com\/eu\/wp-json\/wp\/v2\/pages"}],"about":[{"href":"https:\/\/www.galvanizadoslacunza.com\/eu\/wp-json\/wp\/v2\/types\/page"}],"author":[{"embeddable":true,"href":"https:\/\/www.galvanizadoslacunza.com\/eu\/wp-json\/wp\/v2\/users\/1"}],"replies":[{"embeddable":true,"href":"https:\/\/www.galvanizadoslacunza.com\/eu\/wp-json\/wp\/v2\/comments?post=1036"}],"version-history":[{"count":7,"href":"https:\/\/www.galvanizadoslacunza.com\/eu\/wp-json\/wp\/v2\/pages\/1036\/revisions"}],"predecessor-version":[{"id":1052,"href":"https:\/\/www.galvanizadoslacunza.com\/eu\/wp-json\/wp\/v2\/pages\/1036\/revisions\/1052"}],"wp:attachment":[{"href":"https:\/\/www.galvanizadoslacunza.com\/eu\/wp-json\/wp\/v2\/media?parent=1036"}],"curies":[{"name":"wp","href":"https:\/\/api.w.org\/{rel}","templated":true}]}}