{"id":828,"date":"2022-11-23T11:10:59","date_gmt":"2022-11-23T09:10:59","guid":{"rendered":"https:\/\/www.galvanizadoslacunza.com\/2022\/proteccion-de-datos\/"},"modified":"2022-11-23T11:10:59","modified_gmt":"2022-11-23T09:10:59","slug":"proteccion-de-datos","status":"publish","type":"page","link":"https:\/\/www.galvanizadoslacunza.com\/eu\/proteccion-de-datos\/","title":{"rendered":"Protecci\u00f3n de datos"},"content":{"rendered":"<p><strong>Protecci\u00f3n de datos<\/strong><\/p>\n<p><strong>\u00bfQui\u00e9n es el responsable de sus datos?<\/strong><\/p>\n<p>De acuerdo con lo establecido por el Reglamento (UE) 2016\/679 del Parlamento Europeo y del Consejo, le informamos que los datos personales aportados ser\u00e1n tratados por GALVANIZADOS LACUNZA S.A. con CIF A31165780 y domicilio en CALLE ABARRATEGI 52 &#8211; 31830, LAKUNZA (Navarra).<\/p>\n<p><strong>\u00bfCon qu\u00e9 finalidad tratamos sus datos personales?<\/strong><\/p>\n<p>Los datos aportados por usted son necesarios para poder prestarle con todas las garant\u00edas el servicio solicitado, y ser\u00e1n tratados con las siguientes finalidades: Publicidad y prospecci\u00f3n comercial; Otras finalidades.<\/p>\n<p><strong>\u00bfPor cu\u00e1nto tiempo conservaremos sus datos?<\/strong><\/p>\n<p>Los datos personales proporcionados se conservar\u00e1n mientras se prevea que pueden ser necesarios para contactar con el interesado.<\/p>\n<p><strong>\u00bfCu\u00e1l es la legitimaci\u00f3n para el tratamiento de sus datos?<\/strong><\/p>\n<p>La base legal para el tratamiento de sus datos es el consentimiento del interesado al contactar con nuestra organizaci\u00f3n.<\/p>\n<p><strong>\u00bfA qu\u00e9 destinatarios se comunicar\u00e1n sus datos?<\/strong><\/p>\n<p>Sus datos no se ceder\u00e1n a terceros salvo obligaci\u00f3n legal.<\/p>\n<p><strong>\u00bfCu\u00e1les son sus derechos cuando nos facilita sus datos?<\/strong><\/p>\n<p>Cualquier persona tiene derecho a solicitar el acceso, rectificaci\u00f3n, supresi\u00f3n, limitaci\u00f3n del tratamiento, oposici\u00f3n o derecho a la portabilidad de sus datos personales, escribi\u00e9ndonos a la direcci\u00f3n de nuestras oficinas, o enviando un correo electr\u00f3nico a <a href=\"mailto:galasa@galvanizadoslacunza.com\">galasa@galvanizadoslacunza.com<\/a>, indicando el derecho que desea ejercer.<\/p>\n<p>Tendr\u00e1 derecho igualmente a retirar el consentimiento prestado en cualquier momento. La retirada del consentimiento no afectar\u00e1 a la licitud del tratamiento efectuado antes de la retirada de dicho consentimiento. Tiene derecho a presentar una reclamaci\u00f3n ante la autoridad de control si considera que pueden haber sido vulnerados sus derechos en lo concerniente a la protecci\u00f3n de sus datos personales.<\/p>\n<p>&nbsp;<\/p>\n<p>&nbsp;<\/p>\n","protected":false},"excerpt":{"rendered":"<p>Protecci\u00f3n de datos \u00bfQui\u00e9n es el responsable de sus datos? De acuerdo con lo establecido por el Reglamento (UE) 2016\/679 del Parlamento Europeo y del Consejo, le informamos que los datos personales aportados ser\u00e1n tratados por GALVANIZADOS LACUNZA S.A. con CIF A31165780 y domicilio en CALLE ABARRATEGI 52 &#8211; 31830, LAKUNZA (Navarra). \u00bfCon qu\u00e9 finalidad [&hellip;]<\/p>\n","protected":false},"author":1,"featured_media":0,"parent":0,"menu_order":0,"comment_status":"closed","ping_status":"closed","template":"","meta":{"_et_pb_use_builder":"","_et_pb_old_content":"","_et_gb_content_width":"","footnotes":""},"class_list":["post-828","page","type-page","status-publish","hentry"],"aioseo_notices":[],"_links":{"self":[{"href":"https:\/\/www.galvanizadoslacunza.com\/eu\/wp-json\/wp\/v2\/pages\/828","targetHints":{"allow":["GET"]}}],"collection":[{"href":"https:\/\/www.galvanizadoslacunza.com\/eu\/wp-json\/wp\/v2\/pages"}],"about":[{"href":"https:\/\/www.galvanizadoslacunza.com\/eu\/wp-json\/wp\/v2\/types\/page"}],"author":[{"embeddable":true,"href":"https:\/\/www.galvanizadoslacunza.com\/eu\/wp-json\/wp\/v2\/users\/1"}],"replies":[{"embeddable":true,"href":"https:\/\/www.galvanizadoslacunza.com\/eu\/wp-json\/wp\/v2\/comments?post=828"}],"version-history":[{"count":0,"href":"https:\/\/www.galvanizadoslacunza.com\/eu\/wp-json\/wp\/v2\/pages\/828\/revisions"}],"wp:attachment":[{"href":"https:\/\/www.galvanizadoslacunza.com\/eu\/wp-json\/wp\/v2\/media?parent=828"}],"curies":[{"name":"wp","href":"https:\/\/api.w.org\/{rel}","templated":true}]}}