{"id":829,"date":"2022-11-23T11:06:58","date_gmt":"2022-11-23T09:06:58","guid":{"rendered":"https:\/\/www.galvanizadoslacunza.com\/2022\/aviso-aviso-legal-y-condiciones-de-uso\/"},"modified":"2022-11-23T11:06:58","modified_gmt":"2022-11-23T09:06:58","slug":"aviso-aviso-legal-y-condiciones-de-uso","status":"publish","type":"page","link":"https:\/\/www.galvanizadoslacunza.com\/eu\/aviso-aviso-legal-y-condiciones-de-uso\/","title":{"rendered":"Aviso Aviso Legal y Condiciones de Uso"},"content":{"rendered":"<p><strong>Aviso e Informaci\u00f3n Legales<\/strong><\/p>\n<p>La p\u00e1gina web www.galvanizadoslacunza.com, ha sido desarrollada y puesta a disposici\u00f3n de los usuarios de Internet por Galvanizados Lacunza S.A., con domicilio social en Calle Abarrategui s\/n, 31830 Lacunza Navarra, Espa\u00f1a; con CIF n\u00famero A-31 165780, e inscrita en el Registro Mercantil de Navarra, Tomo 559, Libro 0, Folio 171, Hoja NA-797; con tel\u00e9fono: 948 57 61 50, Fax: 948 56 39 02 y correo electr\u00f3nico: <a href=\"mailto:galasa@galvanizadoslacunza.com\">galasa@galvanizadoslacunza.com<\/a>.<\/p>\n<p>La informaci\u00f3n contenida en este web es comprobada y actualizada por Galvanizados Lacunza S.A. de forma regular con las debidas diligencias. A pesar de ello, los datos pueden estar sujetos a cambios en cualquier momento. Por ello, Galvanizados Lacunza S.A. no asume ninguna responsabilidad o garant\u00eda de exactitud y totalidad de informaci\u00f3n suministrada.<\/p>\n<p>Esto se aplica tambi\u00e9n a otros webs a los que se puede acceder a trav\u00e9s de hiperlinks. Galvanizados Lacunza S.A. no asume ninguna responsabilidad del contenido de webs a las que se puede acceder por tales enlaces (hiperlinks). Galvanizados Lacunza S.A. reserva el derecho de cambiar o enmendar la informaci\u00f3n proporcionada en cualquier momento y sin previo aviso.<\/p>\n<p><strong>Condiciones de Uso<\/strong><\/p>\n<p>Los contenidos y la estructura de las webs de Galvanizados Lacunza S.A. est\u00e1 protegidos con copy-right. La reproducci\u00f3n de informaci\u00f3n o el contenido de datos, en particular el empleo de texto, cuadros (im\u00e1genes) o gr\u00e1ficos, requiere la aprobaci\u00f3n previa de Galvanizados Lacunza S.A. Est\u00e1 permitido el uso de boletines de prensas y otros documentos clasificados como p\u00fablicos.<\/p>\n<p><strong>Pol\u00edtica General de Privacidad<\/strong><\/p>\n<p>Galvanizados Lacunza S.A. como entidad sensibilizada con la protecci\u00f3n de la privacidad de las personas f\u00edsicas, informa a los usuarios de este sitio Web, a fin de \u00e9stos puedan decidir libre y voluntariamente si desean proporcionar los datos personales que se puedan solicitar, que:<\/p>\n<ul>\n<li>En cada momento que el usuario decida proporcionar datos de car\u00e1cter personal se le informar\u00e1, de modo expreso, preciso e inequ\u00edvoco de que sus datos se podr\u00e1n incorporar a un fichero; de la identidad del responsable del mismo; de las finalidades determinadas, explicitas y leg\u00edtimas para las que se recogen los datos y de la posibilidad de ejercitar sus derechos de acceso, rectificaci\u00f3n, cancelaci\u00f3n y oposici\u00f3n.<\/li>\n<li>Los ficheros de datos de los que es responsable Galvanizados Lacunza S.A. han sido declarados ante el Registro General de Protecci\u00f3n de Datos de la Agencia Espa\u00f1ola de Protecci\u00f3n de Datos.<\/li>\n<li>Asimismo, tiene implantadas las medidas de seguridad establecidas en el Real Decreto 994\/1999, de 11 de junio, por el que se aprueba el Reglamento de Medidas de Seguridad de los Ficheros Automatizados que contengan datos de car\u00e1cter personal.<\/li>\n<li>Galvanizados Lacunza S.A. guardar\u00e1 secreto sobre los datos e informaciones que nos facilite no cediendo sus datos a terceros.<\/li>\n<li>Las p\u00e1ginas Web utilizan cookies. Las cookies son peque\u00f1os elementos de datos que un sitio Web puede enviar a su programa de navegaci\u00f3n con el objeto de reconocer a los usuarios registrados y registrar el n\u00famero de visitas. En cualquier caso siempre podr\u00e1 configurar su navegador de forma que no reciba cookies o que le avise de la recepci\u00f3n de las mismas.<\/li>\n<li>Podr\u00e1 ejercitar los derechos de acceso, rectificaci\u00f3n, cancelaci\u00f3n y oposici\u00f3n dirigi\u00e9ndose por escrito a Galvanizados Lacunza S.A., Calle Abarrategui s\/n, 31830 Lacunza Navarra.<\/li>\n<\/ul>\n<p>El sitio web de Galvanizados Lacunza S.A. puede contener enlaces a otros sitios web. Aunque intentamos enlazar solo con sitios que comparten nuestro alto est\u00e1ndar y respeto por la privacidad, no somos responsables del contenido o las pr\u00e1cticas de intimidad empleadas por otros sitios. Si tiene preguntas sobre esta pol\u00edtica, escr\u00edbanos por correo electr\u00f3nico a <a href=\"mailto:galasa@galvanizadoslacunza.com\">galasa@galvanizadoslacunza.com<\/a>.<\/p>\n<p>&nbsp;<\/p>\n<p><b>Legislaci\u00f3n aplicable<\/b><\/p>\n<p>El presente Aviso Legal se rige en todos y cada uno de sus extremos por la ley espa\u00f1ola.<\/p>\n<p>&nbsp;<\/p>\n<p>&nbsp;<\/p>\n<p>&nbsp;<\/p>\n","protected":false},"excerpt":{"rendered":"<p>Aviso e Informaci\u00f3n Legales La p\u00e1gina web www.galvanizadoslacunza.com, ha sido desarrollada y puesta a disposici\u00f3n de los usuarios de Internet por Galvanizados Lacunza S.A., con domicilio social en Calle Abarrategui s\/n, 31830 Lacunza Navarra, Espa\u00f1a; con CIF n\u00famero A-31 165780, e inscrita en el Registro Mercantil de Navarra, Tomo 559, Libro 0, Folio 171, Hoja [&hellip;]<\/p>\n","protected":false},"author":1,"featured_media":0,"parent":0,"menu_order":0,"comment_status":"closed","ping_status":"closed","template":"","meta":{"_et_pb_use_builder":"","_et_pb_old_content":"","_et_gb_content_width":"","footnotes":""},"class_list":["post-829","page","type-page","status-publish","hentry"],"aioseo_notices":[],"_links":{"self":[{"href":"https:\/\/www.galvanizadoslacunza.com\/eu\/wp-json\/wp\/v2\/pages\/829","targetHints":{"allow":["GET"]}}],"collection":[{"href":"https:\/\/www.galvanizadoslacunza.com\/eu\/wp-json\/wp\/v2\/pages"}],"about":[{"href":"https:\/\/www.galvanizadoslacunza.com\/eu\/wp-json\/wp\/v2\/types\/page"}],"author":[{"embeddable":true,"href":"https:\/\/www.galvanizadoslacunza.com\/eu\/wp-json\/wp\/v2\/users\/1"}],"replies":[{"embeddable":true,"href":"https:\/\/www.galvanizadoslacunza.com\/eu\/wp-json\/wp\/v2\/comments?post=829"}],"version-history":[{"count":0,"href":"https:\/\/www.galvanizadoslacunza.com\/eu\/wp-json\/wp\/v2\/pages\/829\/revisions"}],"wp:attachment":[{"href":"https:\/\/www.galvanizadoslacunza.com\/eu\/wp-json\/wp\/v2\/media?parent=829"}],"curies":[{"name":"wp","href":"https:\/\/api.w.org\/{rel}","templated":true}]}}